{"id":1442,"date":"2024-10-08T16:47:01","date_gmt":"2024-10-08T21:47:01","guid":{"rendered":"https:\/\/baniatravels.com\/danielvasva-gmai\/?post_type=product&#038;p=1442"},"modified":"2024-10-17T09:56:53","modified_gmt":"2024-10-17T14:56:53","slug":"rappel-en-cavernas","status":"publish","type":"product","link":"https:\/\/baniatravels.com\/en\/product\/rappel-en-cavernas\/","title":{"rendered":"Rappel en cavernas"},"content":{"rendered":"<p>Emb\u00e1rcate en una aventura \u00fanica que te sumergir\u00e1 en la historia de la tierra y te dejar\u00e1 asombrado ante la belleza subterr\u00e1nea A tan solo 15 minutos de la piedra se encuentran las cavernas un lugar que te llevar\u00e1 a viajar en el tiempo, un lugar llenos de misterios.<\/p>\n<p><strong>FORMAS DE INGRESO:<\/strong><\/p>\n<p><strong>DESCENSO EN RAPPEL:<\/strong><\/p>\n<p>Descenso por cuerda de m\u00e1s de 40 metros de altura.<\/p>\n<p>La manera perfecta para aquellos amantes de la aventura y la adrenalina.<\/p>\n<p><strong>CAMINANDO<\/strong><\/p>\n<p>Se ingresa a la caverna por medio de uno de los senderos.<\/p>\n<p>Perfecto si sufres de acrofobia (fobia a las alturas)<\/p>\n<p><strong>PUNTO DE ENCUENTRO:<\/strong><br \/>\nParque principal de Guatap\u00e9<\/p>\n<p><strong>HORA DE SALIDA:<\/strong><br \/>\nA convenir.<br \/>\nANTES DE LA 01:00 P.M<br \/>\n______<\/p>\n<p><strong>DURACI\u00d3N:<\/strong><\/p>\n<p>TRANSPORTE<br \/>\n40 minutos para ir y regresar.<\/p>\n<p>CAMINANDO<br \/>\n40 minutos para ir y regresar.<\/p>\n<p>DENTRO DE LA CAVERNA<br \/>\n2 horas aproximadamente.<\/p>\n<p>DURACI\u00d3N TOTAL<br \/>\n4 horas aproximadamente.<\/p>","protected":false},"excerpt":{"rendered":"<p>Emb\u00e1rcate en una aventura \u00fanica que te sumergir\u00e1 en la historia de la tierra y te dejar\u00e1 asombrado ante la belleza subterr\u00e1nea A tan solo 15 minutos de la piedra se encuentran las cavernas un lugar que te llevar\u00e1 a viajar en el tiempo, un lugar llenos de misterios. FORMAS DE INGRESO: DESCENSO EN RAPPEL: [&hellip;]<\/p>\n","protected":false},"featured_media":1449,"template":"","meta":{"site-sidebar-layout":"default","site-content-layout":"default","ast-site-content-layout":"default","site-content-style":"default","site-sidebar-style":"default","ast-global-header-display":"","ast-banner-title-visibility":"","ast-main-header-display":"","ast-hfb-above-header-display":"","ast-hfb-below-header-display":"","ast-hfb-mobile-header-display":"","site-post-title":"","ast-breadcrumbs-content":"","ast-featured-img":"","footer-sml-layout":"","theme-transparent-header-meta":"default","adv-header-id-meta":"","stick-header-meta":"","header-above-stick-meta":"","header-main-stick-meta":"","header-below-stick-meta":"","astra-migrate-meta-layouts":"default","ast-page-background-enabled":"default","ast-page-background-meta":{"desktop":{"background-color":"","background-image":"","background-repeat":"repeat","background-position":"center center","background-size":"auto","background-attachment":"scroll","background-type":"","background-media":"","overlay-type":"","overlay-color":"","overlay-opacity":"","overlay-gradient":""},"tablet":{"background-color":"","background-image":"","background-repeat":"repeat","background-position":"center center","background-size":"auto","background-attachment":"scroll","background-type":"","background-media":"","overlay-type":"","overlay-color":"","overlay-opacity":"","overlay-gradient":""},"mobile":{"background-color":"","background-image":"","background-repeat":"repeat","background-position":"center center","background-size":"auto","background-attachment":"scroll","background-type":"","background-media":"","overlay-type":"","overlay-color":"","overlay-opacity":"","overlay-gradient":""}},"ast-content-background-meta":{"desktop":{"background-color":"var(--ast-global-color-5)","background-image":"","background-repeat":"repeat","background-position":"center center","background-size":"auto","background-attachment":"scroll","background-type":"","background-media":"","overlay-type":"","overlay-color":"","overlay-opacity":"","overlay-gradient":""},"tablet":{"background-color":"var(--ast-global-color-5)","background-image":"","background-repeat":"repeat","background-position":"center center","background-size":"auto","background-attachment":"scroll","background-type":"","background-media":"","overlay-type":"","overlay-color":"","overlay-opacity":"","overlay-gradient":""},"mobile":{"background-color":"var(--ast-global-color-5)","background-image":"","background-repeat":"repeat","background-position":"center center","background-size":"auto","background-attachment":"scroll","background-type":"","background-media":"","overlay-type":"","overlay-color":"","overlay-opacity":"","overlay-gradient":""}}},"product_brand":[],"product_cat":[20],"product_tag":[],"class_list":{"0":"post-1442","1":"product","2":"type-product","3":"status-publish","4":"has-post-thumbnail","6":"product_cat-sin-categorizar","7":"desktop-align-left","8":"tablet-align-left","9":"mobile-align-left","11":"first","12":"instock","13":"taxable","14":"shipping-taxable","15":"purchasable","16":"product-type-variable"},"_links":{"self":[{"href":"https:\/\/baniatravels.com\/en\/wp-json\/wp\/v2\/product\/1442","targetHints":{"allow":["GET"]}}],"collection":[{"href":"https:\/\/baniatravels.com\/en\/wp-json\/wp\/v2\/product"}],"about":[{"href":"https:\/\/baniatravels.com\/en\/wp-json\/wp\/v2\/types\/product"}],"wp:featuredmedia":[{"embeddable":true,"href":"https:\/\/baniatravels.com\/en\/wp-json\/wp\/v2\/media\/1449"}],"wp:attachment":[{"href":"https:\/\/baniatravels.com\/en\/wp-json\/wp\/v2\/media?parent=1442"}],"wp:term":[{"taxonomy":"product_brand","embeddable":true,"href":"https:\/\/baniatravels.com\/en\/wp-json\/wp\/v2\/product_brand?post=1442"},{"taxonomy":"product_cat","embeddable":true,"href":"https:\/\/baniatravels.com\/en\/wp-json\/wp\/v2\/product_cat?post=1442"},{"taxonomy":"product_tag","embeddable":true,"href":"https:\/\/baniatravels.com\/en\/wp-json\/wp\/v2\/product_tag?post=1442"}],"curies":[{"name":"wp","href":"https:\/\/api.w.org\/{rel}","templated":true}]}}