{"id":1019,"date":"2022-12-17T10:43:41","date_gmt":"2022-12-17T15:43:41","guid":{"rendered":"https:\/\/baniatravels.com\/?page_id=1019"},"modified":"2022-12-17T10:51:25","modified_gmt":"2022-12-17T15:51:25","slug":"reglamento-del-hotel","status":"publish","type":"page","link":"https:\/\/baniatravels.com\/en\/reglamento-del-hotel\/","title":{"rendered":"Reglamento del Hotel"},"content":{"rendered":"<div data-elementor-type=\"wp-page\" data-elementor-id=\"1019\" class=\"elementor elementor-1019\" data-elementor-post-type=\"page\">\n\t\t\t\t\t\t<section class=\"elementor-section elementor-top-section elementor-element elementor-element-f61cab8 elementor-section-boxed elementor-section-height-default elementor-section-height-default\" data-id=\"f61cab8\" data-element_type=\"section\" data-settings=\"{&quot;jet_parallax_layout_list&quot;:[]}\">\n\t\t\t\t\t\t<div class=\"elementor-container elementor-column-gap-default\">\n\t\t\t\t\t<div class=\"elementor-column elementor-col-100 elementor-top-column elementor-element elementor-element-3f24a9e\" data-id=\"3f24a9e\" data-element_type=\"column\">\n\t\t\t<div class=\"elementor-widget-wrap elementor-element-populated\">\n\t\t\t\t\t\t<div class=\"elementor-element elementor-element-16d150c elementor-widget elementor-widget-image\" data-id=\"16d150c\" data-element_type=\"widget\" data-widget_type=\"image.default\">\n\t\t\t\t<div class=\"elementor-widget-container\">\n\t\t\t\t\t\t\t\t\t\t\t\t\t\t\t<img fetchpriority=\"high\" decoding=\"async\" width=\"300\" height=\"300\" src=\"https:\/\/baniatravels.com\/wp-content\/uploads\/2022\/11\/Bania_logos__favicon-1-300x300.png\" class=\"attachment-medium size-medium wp-image-835\" alt=\"\" srcset=\"https:\/\/baniatravels.com\/wp-content\/uploads\/2022\/11\/Bania_logos__favicon-1-300x300.png.webp 300w, https:\/\/baniatravels.com\/wp-content\/uploads\/2022\/11\/Bania_logos__favicon-1-100x100.png.webp 100w, https:\/\/baniatravels.com\/wp-content\/uploads\/2022\/11\/Bania_logos__favicon-1-150x150.png.webp 150w, https:\/\/baniatravels.com\/wp-content\/uploads\/2022\/11\/Bania_logos__favicon-1-12x12.png.webp 12w, https:\/\/baniatravels.com\/wp-content\/uploads\/2022\/11\/Bania_logos__favicon-1.png.webp 418w\" sizes=\"(max-width: 300px) 100vw, 300px\" \/>\t\t\t\t\t\t\t\t\t\t\t\t\t\t\t<\/div>\n\t\t\t\t<\/div>\n\t\t\t\t\t<\/div>\n\t\t<\/div>\n\t\t\t\t\t<\/div>\n\t\t<\/section>\n\t\t\t\t<section class=\"elementor-section elementor-top-section elementor-element elementor-element-1ba8b0c elementor-section-boxed elementor-section-height-default elementor-section-height-default\" data-id=\"1ba8b0c\" data-element_type=\"section\" data-settings=\"{&quot;jet_parallax_layout_list&quot;:[]}\">\n\t\t\t\t\t\t<div class=\"elementor-container elementor-column-gap-default\">\n\t\t\t\t\t<div class=\"elementor-column elementor-col-100 elementor-top-column elementor-element elementor-element-99e744f\" data-id=\"99e744f\" data-element_type=\"column\">\n\t\t\t<div class=\"elementor-widget-wrap elementor-element-populated\">\n\t\t\t\t\t\t<div class=\"elementor-element elementor-element-fe46e21 elementor-widget elementor-widget-heading\" data-id=\"fe46e21\" data-element_type=\"widget\" data-widget_type=\"heading.default\">\n\t\t\t\t<div class=\"elementor-widget-container\">\n\t\t\t\t\t<h2 class=\"elementor-heading-title elementor-size-default\">Reglamento del Hotel<\/h2>\t\t\t\t<\/div>\n\t\t\t\t<\/div>\n\t\t\t\t\t<\/div>\n\t\t<\/div>\n\t\t\t\t\t<\/div>\n\t\t<\/section>\n\t\t\t\t<section class=\"elementor-section elementor-top-section elementor-element elementor-element-69fe888 elementor-section-boxed elementor-section-height-default elementor-section-height-default\" data-id=\"69fe888\" data-element_type=\"section\" data-settings=\"{&quot;jet_parallax_layout_list&quot;:[]}\">\n\t\t\t\t\t\t<div class=\"elementor-container elementor-column-gap-default\">\n\t\t\t\t\t<div class=\"elementor-column elementor-col-100 elementor-top-column elementor-element elementor-element-21de902\" data-id=\"21de902\" data-element_type=\"column\">\n\t\t\t<div class=\"elementor-widget-wrap elementor-element-populated\">\n\t\t\t\t\t\t<div class=\"elementor-element elementor-element-e92c446 elementor-widget elementor-widget-text-editor\" data-id=\"e92c446\" data-element_type=\"widget\" data-widget_type=\"text-editor.default\">\n\t\t\t\t<div class=\"elementor-widget-container\">\n\t\t\t\t\t\t\t\t\t<p>\u00a1Bienvenido al hotel \u201cLa esquina del cielo\u201d by Bania travels! Estamos encantados de tenerle con nosotros y esperamos que disfrute de su estancia. Contamos con un equipo calificado a su disposici\u00f3n para atenderle y ayudarle en lo que solicite. En caso de requerir alguna colaboraci\u00f3n comun\u00edquese a los tel\u00e9fonos que le daremos al ingresar.<br \/><br \/><\/p><p>\u2022 La hora de check in es a las 3:00 pm y la del check out es a las 11:00 am. En caso de retrasarse mas de una hora, en el momento de su salida, se le cobrara un excedente de $ 100.000 por hora.\u00a0<\/p><p>\u2022 La limpieza de las habitaciones se realiza de 9 am a 2 pm. En caso que la habitaci\u00f3n no este disponible, no se realizar\u00e1 limpieza hasta el d\u00eda siguiente.<br \/><br \/><\/p><p>\u2022 Cualquier da\u00f1o producido en las instalaciones ser\u00e1 multado entre $ 300.000 hasta $ 5\u2019000.000. Dependiendo del valor del objeto. Si su valor es inferior se le cobrara el valor del activo.<br \/><br \/><\/p><p>\u2022 Las toallas de las habitaciones son para uso exclusivo de las mismas, por favor no usarlas en el jacuzzi ni para actividades en el lago. En caso de que vaya a usar nuestra zona h\u00fameda o desee ir al lago, se le proporcionara otras toallas destinadas para esas areas. Si requiere un cambio de alguna de sus toallas por favor ind\u00edquele al equipo de limpieza o administrador para que le realicen el cambio.<br \/><span style=\"font-style: inherit; font-weight: inherit; color: var(--ast-global-color-3);\"><br \/><\/span><\/p><p><span style=\"font-style: inherit; font-weight: inherit; color: var(--ast-global-color-3);\">\u2022 No deposite el papel higi\u00e9nico en el inodoro, este debe ir en la papelera.<\/span><\/p><p>\u2022 Esta prohibido fumar dentro de las habitaciones, en caso de hacerlo ser\u00e1 multado con $ 500.000.<br \/><br \/><\/p><p>\u2022 Por favor apague luces, televisor y cierre llaves de agua cuando no las este requiriendo. De esta forma ayudamos al planeta.<br \/><br \/><\/p><p>\u2022 Cualquier cambio en su reserva deber\u00e1 informarlo con m\u00ednimo 96 horas de anticipaci\u00f3n. De lo contrario no habr\u00e1 reembolso, en caso de que sea temporada alta no se realizara reembolso alguno.<br \/><br \/><\/p><p>\u2022 El desayuno esta incluido, este tiene un horario de 8 am a 10 am, despu\u00e9s de este horario se cierra el desayuno.<br \/><br \/><\/p><p>\u2022 Es importante el respeto y la convivencia, por tal motivo si usted no rento toda la casa y est\u00e1 compartiendo con m\u00e1s hu\u00e9spedes, el horario de ruido es hasta las 11:00 pm. Si usted alquilo todo el hotel podr\u00e1 hacer ruido hasta la hora que desee, en su justa medida.<br \/><br \/><\/p><p>\u2022 El hotel no se har\u00e1 cargo de objetos extraviados, olvidados o robados. Por tal motivo se dar\u00e1 una llave de su habitaci\u00f3n para que guarden bien sus pertenencias.<br \/><br \/><\/p><p>\u2022 No tome objetos que no sean suyos. Si encuentra algo, por favor reportarlo con el equipo.<br \/><br \/><\/p><p>\u2022 Cualquier propina que usted considere que el equipo merece por su buena gesti\u00f3n y trabajo, ser\u00e1<br \/>bienvenida<\/p>\t\t\t\t\t\t\t\t<\/div>\n\t\t\t\t<\/div>\n\t\t\t\t\t<\/div>\n\t\t<\/div>\n\t\t\t\t\t<\/div>\n\t\t<\/section>\n\t\t\t\t<\/div>","protected":false},"excerpt":{"rendered":"<p>Reglamento del Hotel \u00a1Bienvenido al hotel \u201cLa esquina del cielo\u201d by Bania travels! Estamos encantados de tenerle con nosotros y esperamos que disfrute de su estancia. Contamos con un equipo calificado a su disposici\u00f3n para atenderle y ayudarle en lo que solicite. En caso de requerir alguna colaboraci\u00f3n comun\u00edquese a los tel\u00e9fonos que le daremos [&hellip;]<\/p>\n","protected":false},"author":2,"featured_media":0,"parent":0,"menu_order":0,"comment_status":"closed","ping_status":"closed","template":"","meta":{"site-sidebar-layout":"no-sidebar","site-content-layout":"page-builder","ast-site-content-layout":"default","site-content-style":"default","site-sidebar-style":"default","ast-global-header-display":"","ast-banner-title-visibility":"","ast-main-header-display":"","ast-hfb-above-header-display":"","ast-hfb-below-header-display":"","ast-hfb-mobile-header-display":"","site-post-title":"disabled","ast-breadcrumbs-content":"","ast-featured-img":"disabled","footer-sml-layout":"","theme-transparent-header-meta":"","adv-header-id-meta":"","stick-header-meta":"","header-above-stick-meta":"","header-main-stick-meta":"","header-below-stick-meta":"","astra-migrate-meta-layouts":"default","ast-page-background-enabled":"default","ast-page-background-meta":{"desktop":{"background-color":"","background-image":"","background-repeat":"repeat","background-position":"center center","background-size":"auto","background-attachment":"scroll","background-type":"","background-media":"","overlay-type":"","overlay-color":"","overlay-opacity":"","overlay-gradient":""},"tablet":{"background-color":"","background-image":"","background-repeat":"repeat","background-position":"center center","background-size":"auto","background-attachment":"scroll","background-type":"","background-media":"","overlay-type":"","overlay-color":"","overlay-opacity":"","overlay-gradient":""},"mobile":{"background-color":"","background-image":"","background-repeat":"repeat","background-position":"center center","background-size":"auto","background-attachment":"scroll","background-type":"","background-media":"","overlay-type":"","overlay-color":"","overlay-opacity":"","overlay-gradient":""}},"ast-content-background-meta":{"desktop":{"background-color":"var(--ast-global-color-5)","background-image":"","background-repeat":"repeat","background-position":"center center","background-size":"auto","background-attachment":"scroll","background-type":"","background-media":"","overlay-type":"","overlay-color":"","overlay-opacity":"","overlay-gradient":""},"tablet":{"background-color":"var(--ast-global-color-5)","background-image":"","background-repeat":"repeat","background-position":"center center","background-size":"auto","background-attachment":"scroll","background-type":"","background-media":"","overlay-type":"","overlay-color":"","overlay-opacity":"","overlay-gradient":""},"mobile":{"background-color":"var(--ast-global-color-5)","background-image":"","background-repeat":"repeat","background-position":"center center","background-size":"auto","background-attachment":"scroll","background-type":"","background-media":"","overlay-type":"","overlay-color":"","overlay-opacity":"","overlay-gradient":""}},"footnotes":""},"class_list":["post-1019","page","type-page","status-publish","hentry"],"_links":{"self":[{"href":"https:\/\/baniatravels.com\/en\/wp-json\/wp\/v2\/pages\/1019","targetHints":{"allow":["GET"]}}],"collection":[{"href":"https:\/\/baniatravels.com\/en\/wp-json\/wp\/v2\/pages"}],"about":[{"href":"https:\/\/baniatravels.com\/en\/wp-json\/wp\/v2\/types\/page"}],"author":[{"embeddable":true,"href":"https:\/\/baniatravels.com\/en\/wp-json\/wp\/v2\/users\/2"}],"replies":[{"embeddable":true,"href":"https:\/\/baniatravels.com\/en\/wp-json\/wp\/v2\/comments?post=1019"}],"version-history":[{"count":4,"href":"https:\/\/baniatravels.com\/en\/wp-json\/wp\/v2\/pages\/1019\/revisions"}],"predecessor-version":[{"id":1023,"href":"https:\/\/baniatravels.com\/en\/wp-json\/wp\/v2\/pages\/1019\/revisions\/1023"}],"wp:attachment":[{"href":"https:\/\/baniatravels.com\/en\/wp-json\/wp\/v2\/media?parent=1019"}],"curies":[{"name":"wp","href":"https:\/\/api.w.org\/{rel}","templated":true}]}}